{"id":134,"date":"2021-04-30T13:28:23","date_gmt":"2021-04-30T13:28:23","guid":{"rendered":"https:\/\/klausniedermeier.de\/?page_id=134"},"modified":"2024-09-11T06:56:35","modified_gmt":"2024-09-11T06:56:35","slug":"leistungen","status":"publish","type":"page","link":"https:\/\/klausniedermeier.de\/?page_id=134","title":{"rendered":"Leistungen"},"content":{"rendered":"\n<p class=\"has-text-align-center has-white-color has-accent-background-color has-text-color has-background\" style=\"font-size:20px\"><strong>Einlagen<\/strong><\/p>\n\n\n\n<ul class=\"wp-block-list\">\n<li>H\u00f6herwertige-Versorgung (Tripedes Einlagenkonzept, Eigenmarke)<br>&#8211; Ganzheitliche Betrachtungsweise der Anatomie<br>&#8211; Aufzeigen individueller L\u00f6sungen<br>&#8211; Mit Unterst\u00fctzung modernster Mess- und CAD-CAM Technologie<br>&#8211; Beratungsgespr\u00e4ch zur Fu\u00dfgesundheit<br>&#8211; Gang- und Schuhanalyse<br>&#8211; nur hochwertigste Komponenten und Materialien<br>&#8211; M\u00f6glichkeit zur Reparatur<\/li>\n\n\n\n<li>Standard Kasseneinlage ohne Private Zuzahlung<\/li>\n<\/ul>\n\n\n\n<figure class=\"wp-block-gallery has-nested-images columns-default is-cropped wp-block-gallery-1 is-layout-flex wp-block-gallery-is-layout-flex\">\n<figure class=\"wp-block-image size-large is-style-default\"><img loading=\"lazy\" decoding=\"async\" width=\"1024\" height=\"826\" data-id=\"606\" src=\"https:\/\/klausniedermeier.de\/wp-content\/uploads\/2023\/08\/IMG9765-1-1024x826.jpg\" alt=\"\" class=\"wp-image-606\" srcset=\"https:\/\/klausniedermeier.de\/wp-content\/uploads\/2023\/08\/IMG9765-1-1024x826.jpg 1024w, https:\/\/klausniedermeier.de\/wp-content\/uploads\/2023\/08\/IMG9765-1-300x242.jpg 300w, https:\/\/klausniedermeier.de\/wp-content\/uploads\/2023\/08\/IMG9765-1-768x619.jpg 768w, https:\/\/klausniedermeier.de\/wp-content\/uploads\/2023\/08\/IMG9765-1-1536x1238.jpg 1536w, https:\/\/klausniedermeier.de\/wp-content\/uploads\/2023\/08\/IMG9765-1-2048x1651.jpg 2048w\" sizes=\"auto, (max-width: 1024px) 100vw, 1024px\" \/><\/figure>\n\n\n\n<figure class=\"wp-block-image size-large is-style-default\"><img loading=\"lazy\" decoding=\"async\" width=\"1024\" height=\"723\" data-id=\"679\" src=\"https:\/\/klausniedermeier.de\/wp-content\/uploads\/2023\/08\/Unbenannt-1-1024x723.jpg\" alt=\"\" class=\"wp-image-679\" srcset=\"https:\/\/klausniedermeier.de\/wp-content\/uploads\/2023\/08\/Unbenannt-1-1024x723.jpg 1024w, https:\/\/klausniedermeier.de\/wp-content\/uploads\/2023\/08\/Unbenannt-1-300x212.jpg 300w, https:\/\/klausniedermeier.de\/wp-content\/uploads\/2023\/08\/Unbenannt-1-768x542.jpg 768w, https:\/\/klausniedermeier.de\/wp-content\/uploads\/2023\/08\/Unbenannt-1.jpg 1121w\" sizes=\"auto, (max-width: 1024px) 100vw, 1024px\" \/><\/figure>\n\n\n\n<figure class=\"wp-block-image size-large is-style-default\"><img loading=\"lazy\" decoding=\"async\" width=\"1024\" height=\"686\" data-id=\"594\" src=\"https:\/\/klausniedermeier.de\/wp-content\/uploads\/2023\/08\/cnc_sohlen_niedermeier_5-1024x686.jpg\" alt=\"\" class=\"wp-image-594\" srcset=\"https:\/\/klausniedermeier.de\/wp-content\/uploads\/2023\/08\/cnc_sohlen_niedermeier_5-1024x686.jpg 1024w, https:\/\/klausniedermeier.de\/wp-content\/uploads\/2023\/08\/cnc_sohlen_niedermeier_5-300x201.jpg 300w, https:\/\/klausniedermeier.de\/wp-content\/uploads\/2023\/08\/cnc_sohlen_niedermeier_5-768x514.jpg 768w, https:\/\/klausniedermeier.de\/wp-content\/uploads\/2023\/08\/cnc_sohlen_niedermeier_5-1536x1028.jpg 1536w, https:\/\/klausniedermeier.de\/wp-content\/uploads\/2023\/08\/cnc_sohlen_niedermeier_5-360x240.jpg 360w, https:\/\/klausniedermeier.de\/wp-content\/uploads\/2023\/08\/cnc_sohlen_niedermeier_5.jpg 2000w\" sizes=\"auto, (max-width: 1024px) 100vw, 1024px\" \/><\/figure>\n<\/figure>\n\n\n\n<p><\/p>\n\n\n\n<h2 class=\"wp-block-heading has-text-align-center has-white-color has-accent-background-color has-text-color has-background\" style=\"font-size:20px\"><strong>Ma\u00dfschuhe<\/strong><\/h2>\n\n\n\n<ul class=\"wp-block-list\">\n<li>Orthop\u00e4dische Ma\u00dfschuhe nach Indikation<\/li>\n\n\n\n<li>Klassische Ma\u00dfschuhe f\u00fcr besondere Anl\u00e4sse oder Alltag<\/li>\n\n\n\n<li>Arbeitssicherheitsschuhe nach Ma\u00df<\/li>\n<\/ul>\n\n\n\n<figure class=\"wp-block-gallery has-nested-images columns-default is-cropped is-style-default wp-block-gallery-2 is-layout-flex wp-block-gallery-is-layout-flex\">\n<figure class=\"wp-block-image size-large is-style-default\"><img loading=\"lazy\" decoding=\"async\" width=\"1024\" height=\"768\" data-id=\"604\" src=\"https:\/\/klausniedermeier.de\/wp-content\/uploads\/2023\/08\/PHOTO-2022-12-23-11-06-08-1024x768.jpg\" alt=\"\" class=\"wp-image-604\" srcset=\"https:\/\/klausniedermeier.de\/wp-content\/uploads\/2023\/08\/PHOTO-2022-12-23-11-06-08-1024x768.jpg 1024w, https:\/\/klausniedermeier.de\/wp-content\/uploads\/2023\/08\/PHOTO-2022-12-23-11-06-08-300x225.jpg 300w, https:\/\/klausniedermeier.de\/wp-content\/uploads\/2023\/08\/PHOTO-2022-12-23-11-06-08-768x576.jpg 768w, https:\/\/klausniedermeier.de\/wp-content\/uploads\/2023\/08\/PHOTO-2022-12-23-11-06-08-1536x1152.jpg 1536w, https:\/\/klausniedermeier.de\/wp-content\/uploads\/2023\/08\/PHOTO-2022-12-23-11-06-08.jpg 1600w\" sizes=\"auto, (max-width: 1024px) 100vw, 1024px\" \/><\/figure>\n\n\n\n<figure class=\"wp-block-image size-full is-style-default\"><img loading=\"lazy\" decoding=\"async\" width=\"1024\" height=\"588\" data-id=\"622\" src=\"https:\/\/klausniedermeier.de\/wp-content\/uploads\/2023\/08\/cropped-8ac2cfdc-357c-4e1e-8643-88499851c27d.jpg\" alt=\"\" class=\"wp-image-622\" srcset=\"https:\/\/klausniedermeier.de\/wp-content\/uploads\/2023\/08\/cropped-8ac2cfdc-357c-4e1e-8643-88499851c27d.jpg 1024w, https:\/\/klausniedermeier.de\/wp-content\/uploads\/2023\/08\/cropped-8ac2cfdc-357c-4e1e-8643-88499851c27d-300x172.jpg 300w, https:\/\/klausniedermeier.de\/wp-content\/uploads\/2023\/08\/cropped-8ac2cfdc-357c-4e1e-8643-88499851c27d-768x441.jpg 768w\" sizes=\"auto, (max-width: 1024px) 100vw, 1024px\" \/><\/figure>\n\n\n\n<figure class=\"wp-block-image size-large is-style-default\"><img loading=\"lazy\" decoding=\"async\" width=\"1024\" height=\"768\" data-id=\"603\" src=\"https:\/\/klausniedermeier.de\/wp-content\/uploads\/2023\/08\/PHOTO-2022-12-23-11-06-05-1024x768.jpg\" alt=\"\" class=\"wp-image-603\" srcset=\"https:\/\/klausniedermeier.de\/wp-content\/uploads\/2023\/08\/PHOTO-2022-12-23-11-06-05-1024x768.jpg 1024w, https:\/\/klausniedermeier.de\/wp-content\/uploads\/2023\/08\/PHOTO-2022-12-23-11-06-05-300x225.jpg 300w, https:\/\/klausniedermeier.de\/wp-content\/uploads\/2023\/08\/PHOTO-2022-12-23-11-06-05-768x576.jpg 768w, https:\/\/klausniedermeier.de\/wp-content\/uploads\/2023\/08\/PHOTO-2022-12-23-11-06-05-1536x1152.jpg 1536w, https:\/\/klausniedermeier.de\/wp-content\/uploads\/2023\/08\/PHOTO-2022-12-23-11-06-05.jpg 1600w\" sizes=\"auto, (max-width: 1024px) 100vw, 1024px\" \/><\/figure>\n<\/figure>\n\n\n\n<p><\/p>\n\n\n\n<h2 class=\"wp-block-heading has-text-align-center has-white-color has-accent-background-color has-text-color has-background\" style=\"font-size:20px\"><strong>Sonstiges<\/strong><\/h2>\n\n\n\n<ul class=\"wp-block-list\">\n<li>Reparaturen von Schuhen und Lederwaren<\/li>\n\n\n\n<li>Schuhzurichtungen nach Indikation (Verk\u00fcrzungsausgleich, Fersenkeil usw.)<\/li>\n\n\n\n<li>Bequemschuhe<\/li>\n\n\n\n<li>Fu\u00df- und Schuhpflege<\/li>\n\n\n\n<li>Happy Socks<\/li>\n\n\n\n<li><a href=\"https:\/\/klausniedermeier.de\/?page_id=268\">Mokassins &#8211; handgen\u00e4ht von uns in der Werkstatt<\/a><\/li>\n\n\n\n<li>Seifen aus der Woidsiederei<\/li>\n<\/ul>\n\n\n\n<figure class=\"wp-block-gallery has-nested-images columns-default is-cropped wp-block-gallery-3 is-layout-flex wp-block-gallery-is-layout-flex\">\n<figure class=\"wp-block-image size-large is-style-default\"><img loading=\"lazy\" decoding=\"async\" width=\"1024\" height=\"768\" data-id=\"672\" src=\"https:\/\/klausniedermeier.de\/wp-content\/uploads\/2023\/08\/1-1024x768.jpeg\" alt=\"\" class=\"wp-image-672\" srcset=\"https:\/\/klausniedermeier.de\/wp-content\/uploads\/2023\/08\/1-1024x768.jpeg 1024w, https:\/\/klausniedermeier.de\/wp-content\/uploads\/2023\/08\/1-300x225.jpeg 300w, https:\/\/klausniedermeier.de\/wp-content\/uploads\/2023\/08\/1-768x576.jpeg 768w, https:\/\/klausniedermeier.de\/wp-content\/uploads\/2023\/08\/1-1536x1152.jpeg 1536w, https:\/\/klausniedermeier.de\/wp-content\/uploads\/2023\/08\/1.jpeg 2048w\" sizes=\"auto, (max-width: 1024px) 100vw, 1024px\" \/><\/figure>\n\n\n\n<figure class=\"wp-block-image size-large is-style-default\"><img loading=\"lazy\" decoding=\"async\" width=\"1024\" height=\"768\" data-id=\"610\" src=\"https:\/\/klausniedermeier.de\/wp-content\/uploads\/2023\/08\/IMG_9777-1024x768.jpg\" alt=\"\" class=\"wp-image-610\" srcset=\"https:\/\/klausniedermeier.de\/wp-content\/uploads\/2023\/08\/IMG_9777-1024x768.jpg 1024w, https:\/\/klausniedermeier.de\/wp-content\/uploads\/2023\/08\/IMG_9777-300x225.jpg 300w, https:\/\/klausniedermeier.de\/wp-content\/uploads\/2023\/08\/IMG_9777-768x576.jpg 768w, https:\/\/klausniedermeier.de\/wp-content\/uploads\/2023\/08\/IMG_9777-1536x1152.jpg 1536w, https:\/\/klausniedermeier.de\/wp-content\/uploads\/2023\/08\/IMG_9777.jpg 2016w\" sizes=\"auto, (max-width: 1024px) 100vw, 1024px\" \/><\/figure>\n\n\n\n<figure class=\"wp-block-image size-large is-style-default\"><img loading=\"lazy\" decoding=\"async\" width=\"1024\" height=\"588\" data-id=\"621\" src=\"https:\/\/klausniedermeier.de\/wp-content\/uploads\/2023\/08\/cropped-fff-scaled-1-1024x588.jpg\" alt=\"\" class=\"wp-image-621\" srcset=\"https:\/\/klausniedermeier.de\/wp-content\/uploads\/2023\/08\/cropped-fff-scaled-1-1024x588.jpg 1024w, https:\/\/klausniedermeier.de\/wp-content\/uploads\/2023\/08\/cropped-fff-scaled-1-300x172.jpg 300w, https:\/\/klausniedermeier.de\/wp-content\/uploads\/2023\/08\/cropped-fff-scaled-1-768x441.jpg 768w, https:\/\/klausniedermeier.de\/wp-content\/uploads\/2023\/08\/cropped-fff-scaled-1-1536x882.jpg 1536w, https:\/\/klausniedermeier.de\/wp-content\/uploads\/2023\/08\/cropped-fff-scaled-1.jpg 2000w\" sizes=\"auto, (max-width: 1024px) 100vw, 1024px\" \/><\/figure>\n<\/figure>\n\n\n\n<p><\/p>\n\n\n\n<p><\/p>\n","protected":false},"excerpt":{"rendered":"<p>Einlagen Ma\u00dfschuhe Sonstiges<\/p>\n","protected":false},"author":2,"featured_media":0,"parent":0,"menu_order":0,"comment_status":"closed","ping_status":"closed","template":"","meta":{"footnotes":""},"class_list":["post-134","page","type-page","status-publish","hentry"],"_links":{"self":[{"href":"https:\/\/klausniedermeier.de\/index.php?rest_route=\/wp\/v2\/pages\/134","targetHints":{"allow":["GET"]}}],"collection":[{"href":"https:\/\/klausniedermeier.de\/index.php?rest_route=\/wp\/v2\/pages"}],"about":[{"href":"https:\/\/klausniedermeier.de\/index.php?rest_route=\/wp\/v2\/types\/page"}],"author":[{"embeddable":true,"href":"https:\/\/klausniedermeier.de\/index.php?rest_route=\/wp\/v2\/users\/2"}],"replies":[{"embeddable":true,"href":"https:\/\/klausniedermeier.de\/index.php?rest_route=%2Fwp%2Fv2%2Fcomments&post=134"}],"version-history":[{"count":65,"href":"https:\/\/klausniedermeier.de\/index.php?rest_route=\/wp\/v2\/pages\/134\/revisions"}],"predecessor-version":[{"id":881,"href":"https:\/\/klausniedermeier.de\/index.php?rest_route=\/wp\/v2\/pages\/134\/revisions\/881"}],"wp:attachment":[{"href":"https:\/\/klausniedermeier.de\/index.php?rest_route=%2Fwp%2Fv2%2Fmedia&parent=134"}],"curies":[{"name":"wp","href":"https:\/\/api.w.org\/{rel}","templated":true}]}}