{"id":519,"date":"2023-08-29T08:57:08","date_gmt":"2023-08-29T08:57:08","guid":{"rendered":"https:\/\/klausniedermeier.de\/?page_id=519"},"modified":"2024-09-11T06:55:58","modified_gmt":"2024-09-11T06:55:58","slug":"ueber-uns","status":"publish","type":"page","link":"https:\/\/klausniedermeier.de\/?page_id=519","title":{"rendered":"\u00dcber uns"},"content":{"rendered":"\n<h2 class=\"wp-block-heading has-text-align-center has-white-color has-accent-background-color has-text-color has-background has-medium-font-size\"><strong>Ihr Partner f\u00fcr gesunde F\u00fc\u00dfe<\/strong><\/h2>\n\n\n\n<p>Die Firma Niedermeier in Mitterfels ist Ihr Partner f\u00fcr gesunde F\u00fc\u00dfe, passendes Schuhwerk und Ganganalyse. Unser Leistungsspektrum reicht von Einlagen und orthop\u00e4dischen\/klassischen Ma\u00dfschuhen bis hin zu Reparaturen von Lederwaren, Fu\u00dfpflege, Bequemschuhen und Socken.<br>Hohe Kundenzufriedenheit ist kein Zufall. Bewusst liegen unsere <strong>Schwerpunkte auf Qualit\u00e4t und optimalen L\u00f6sungen<\/strong> &#8211; und das schon seit \u00fcber 30 Jahren!<\/p>\n\n\n\n<figure class=\"wp-block-gallery has-nested-images columns-default is-cropped wp-block-gallery-1 is-layout-flex wp-block-gallery-is-layout-flex\">\n<figure class=\"wp-block-image size-large is-style-default\"><img loading=\"lazy\" decoding=\"async\" width=\"768\" height=\"1024\" data-id=\"522\" src=\"https:\/\/klausniedermeier.de\/wp-content\/uploads\/2023\/08\/Papa-Kopie-768x1024.jpg\" alt=\"\" class=\"wp-image-522\" srcset=\"https:\/\/klausniedermeier.de\/wp-content\/uploads\/2023\/08\/Papa-Kopie-768x1024.jpg 768w, https:\/\/klausniedermeier.de\/wp-content\/uploads\/2023\/08\/Papa-Kopie-225x300.jpg 225w, https:\/\/klausniedermeier.de\/wp-content\/uploads\/2023\/08\/Papa-Kopie-1152x1536.jpg 1152w, https:\/\/klausniedermeier.de\/wp-content\/uploads\/2023\/08\/Papa-Kopie-1536x2048.jpg 1536w, https:\/\/klausniedermeier.de\/wp-content\/uploads\/2023\/08\/Papa-Kopie-scaled.jpg 1920w\" sizes=\"auto, (max-width: 768px) 100vw, 768px\" \/><figcaption class=\"wp-element-caption\"><mark style=\"background-color:#ffffff\" class=\"has-inline-color has-black-color\"><strong>Klaus Niedermeier<\/strong><br><strong>Firmengr\u00fcnder und Inhaber<\/strong><\/mark><strong><mark style=\"background-color:#ffffff\" class=\"has-inline-color has-black-color\"><br>Orthop\u00e4die Schuhmachermeister seit 1993<\/mark><\/strong><\/figcaption><\/figure>\n\n\n\n<figure class=\"wp-block-image size-large is-style-default\"><img loading=\"lazy\" decoding=\"async\" width=\"850\" height=\"851\" data-id=\"525\" src=\"https:\/\/klausniedermeier.de\/wp-content\/uploads\/2023\/08\/Screenshot-2023-08-29-at-11-17-13-Schuhtechnik-Niedermeier-@schuhtechnik.niedermeier-\u2022-Instagram-Fotos-und-Videos.png\" alt=\"\" class=\"wp-image-525\" srcset=\"https:\/\/klausniedermeier.de\/wp-content\/uploads\/2023\/08\/Screenshot-2023-08-29-at-11-17-13-Schuhtechnik-Niedermeier-@schuhtechnik.niedermeier-\u2022-Instagram-Fotos-und-Videos.png 850w, https:\/\/klausniedermeier.de\/wp-content\/uploads\/2023\/08\/Screenshot-2023-08-29-at-11-17-13-Schuhtechnik-Niedermeier-@schuhtechnik.niedermeier-\u2022-Instagram-Fotos-und-Videos-300x300.png 300w, https:\/\/klausniedermeier.de\/wp-content\/uploads\/2023\/08\/Screenshot-2023-08-29-at-11-17-13-Schuhtechnik-Niedermeier-@schuhtechnik.niedermeier-\u2022-Instagram-Fotos-und-Videos-150x150.png 150w, https:\/\/klausniedermeier.de\/wp-content\/uploads\/2023\/08\/Screenshot-2023-08-29-at-11-17-13-Schuhtechnik-Niedermeier-@schuhtechnik.niedermeier-\u2022-Instagram-Fotos-und-Videos-768x769.png 768w\" sizes=\"auto, (max-width: 850px) 100vw, 850px\" \/><figcaption class=\"wp-element-caption\"><mark style=\"background-color:#ffffff\" class=\"has-inline-color has-black-color\"><strong>Lukas Niedermeier<br>Einzelhandelskaufmann seit 2015<br>Orthop\u00e4die Schuhmachermeister seit 2022<\/strong><\/mark><\/figcaption><\/figure>\n<\/figure>\n\n\n\n<h2 class=\"wp-block-heading has-text-align-center\"><\/h2>\n","protected":false},"excerpt":{"rendered":"<p>Ihr Partner f\u00fcr gesunde F\u00fc\u00dfe Die Firma Niedermeier in Mitterfels ist Ihr Partner f\u00fcr gesunde F\u00fc\u00dfe, passendes Schuhwerk und Ganganalyse. Unser Leistungsspektrum reicht von Einlagen und orthop\u00e4dischen\/klassischen Ma\u00dfschuhen bis hin zu Reparaturen von Lederwaren, Fu\u00dfpflege, Bequemschuhen und Socken.Hohe Kundenzufriedenheit ist kein Zufall. Bewusst liegen unsere Schwerpunkte auf Qualit\u00e4t und optimalen [&hellip;]<\/p>\n","protected":false},"author":2,"featured_media":0,"parent":0,"menu_order":0,"comment_status":"closed","ping_status":"closed","template":"","meta":{"footnotes":""},"class_list":["post-519","page","type-page","status-publish","hentry"],"_links":{"self":[{"href":"https:\/\/klausniedermeier.de\/index.php?rest_route=\/wp\/v2\/pages\/519","targetHints":{"allow":["GET"]}}],"collection":[{"href":"https:\/\/klausniedermeier.de\/index.php?rest_route=\/wp\/v2\/pages"}],"about":[{"href":"https:\/\/klausniedermeier.de\/index.php?rest_route=\/wp\/v2\/types\/page"}],"author":[{"embeddable":true,"href":"https:\/\/klausniedermeier.de\/index.php?rest_route=\/wp\/v2\/users\/2"}],"replies":[{"embeddable":true,"href":"https:\/\/klausniedermeier.de\/index.php?rest_route=%2Fwp%2Fv2%2Fcomments&post=519"}],"version-history":[{"count":13,"href":"https:\/\/klausniedermeier.de\/index.php?rest_route=\/wp\/v2\/pages\/519\/revisions"}],"predecessor-version":[{"id":880,"href":"https:\/\/klausniedermeier.de\/index.php?rest_route=\/wp\/v2\/pages\/519\/revisions\/880"}],"wp:attachment":[{"href":"https:\/\/klausniedermeier.de\/index.php?rest_route=%2Fwp%2Fv2%2Fmedia&parent=519"}],"curies":[{"name":"wp","href":"https:\/\/api.w.org\/{rel}","templated":true}]}}