{"id":911,"date":"2025-10-28T09:30:31","date_gmt":"2025-10-28T09:30:31","guid":{"rendered":"https:\/\/klausniedermeier.de\/?page_id=911"},"modified":"2026-04-24T06:56:48","modified_gmt":"2026-04-24T06:56:48","slug":"woidkassin","status":"publish","type":"page","link":"https:\/\/klausniedermeier.de\/?page_id=911","title":{"rendered":"Woidkassin"},"content":{"rendered":"\n<h2 class=\"wp-block-heading\">Do-It-Yourself-Hausschuh aus dem Bay. Wald<\/h2>\n\n\n\n<p class=\"has-text-align-center\"><em><mark style=\"background-color:#ffffff;color:#198324\" class=\"has-inline-color\">Mach dir deinen eigenen Hausschuh<br>ganz bequem zuhause<br>alleine oder mit Familie und Freunden<\/mark><\/em><\/p>\n\n\n\n<figure class=\"wp-block-gallery has-nested-images columns-default is-cropped wp-block-gallery-1 is-layout-flex wp-block-gallery-is-layout-flex\">\n<figure class=\"wp-block-image size-large\"><img loading=\"lazy\" decoding=\"async\" width=\"1024\" height=\"1024\" data-id=\"949\" src=\"https:\/\/klausniedermeier.de\/wp-content\/uploads\/2025\/10\/WhatsApp-Image-2025-10-28-at-11.16.271-1024x1024.jpeg\" alt=\"\" class=\"wp-image-949\" srcset=\"https:\/\/klausniedermeier.de\/wp-content\/uploads\/2025\/10\/WhatsApp-Image-2025-10-28-at-11.16.271-1024x1024.jpeg 1024w, https:\/\/klausniedermeier.de\/wp-content\/uploads\/2025\/10\/WhatsApp-Image-2025-10-28-at-11.16.271-300x300.jpeg 300w, https:\/\/klausniedermeier.de\/wp-content\/uploads\/2025\/10\/WhatsApp-Image-2025-10-28-at-11.16.271-150x150.jpeg 150w, https:\/\/klausniedermeier.de\/wp-content\/uploads\/2025\/10\/WhatsApp-Image-2025-10-28-at-11.16.271-768x768.jpeg 768w, https:\/\/klausniedermeier.de\/wp-content\/uploads\/2025\/10\/WhatsApp-Image-2025-10-28-at-11.16.271-1536x1536.jpeg 1536w, https:\/\/klausniedermeier.de\/wp-content\/uploads\/2025\/10\/WhatsApp-Image-2025-10-28-at-11.16.271.jpeg 1600w\" sizes=\"auto, (max-width: 1024px) 100vw, 1024px\" \/><\/figure>\n\n\n\n<figure class=\"wp-block-image size-large\"><img loading=\"lazy\" decoding=\"async\" width=\"1024\" height=\"1024\" data-id=\"947\" src=\"https:\/\/klausniedermeier.de\/wp-content\/uploads\/2025\/10\/WhatsApp-Image-2025-10-28-at-11.16.272-1024x1024.jpeg\" alt=\"\" class=\"wp-image-947\" srcset=\"https:\/\/klausniedermeier.de\/wp-content\/uploads\/2025\/10\/WhatsApp-Image-2025-10-28-at-11.16.272-1024x1024.jpeg 1024w, https:\/\/klausniedermeier.de\/wp-content\/uploads\/2025\/10\/WhatsApp-Image-2025-10-28-at-11.16.272-300x300.jpeg 300w, https:\/\/klausniedermeier.de\/wp-content\/uploads\/2025\/10\/WhatsApp-Image-2025-10-28-at-11.16.272-150x150.jpeg 150w, https:\/\/klausniedermeier.de\/wp-content\/uploads\/2025\/10\/WhatsApp-Image-2025-10-28-at-11.16.272-768x768.jpeg 768w, https:\/\/klausniedermeier.de\/wp-content\/uploads\/2025\/10\/WhatsApp-Image-2025-10-28-at-11.16.272-1536x1536.jpeg 1536w, https:\/\/klausniedermeier.de\/wp-content\/uploads\/2025\/10\/WhatsApp-Image-2025-10-28-at-11.16.272.jpeg 1600w\" sizes=\"auto, (max-width: 1024px) 100vw, 1024px\" \/><\/figure>\n\n\n\n<figure class=\"wp-block-image size-large\"><img loading=\"lazy\" decoding=\"async\" width=\"1024\" height=\"1024\" data-id=\"952\" src=\"https:\/\/klausniedermeier.de\/wp-content\/uploads\/2025\/10\/WhatsApp-Image-2025-10-28-at-11.16.273-1024x1024.jpeg\" alt=\"\" class=\"wp-image-952\" srcset=\"https:\/\/klausniedermeier.de\/wp-content\/uploads\/2025\/10\/WhatsApp-Image-2025-10-28-at-11.16.273-1024x1024.jpeg 1024w, https:\/\/klausniedermeier.de\/wp-content\/uploads\/2025\/10\/WhatsApp-Image-2025-10-28-at-11.16.273-300x300.jpeg 300w, https:\/\/klausniedermeier.de\/wp-content\/uploads\/2025\/10\/WhatsApp-Image-2025-10-28-at-11.16.273-150x150.jpeg 150w, https:\/\/klausniedermeier.de\/wp-content\/uploads\/2025\/10\/WhatsApp-Image-2025-10-28-at-11.16.273-768x768.jpeg 768w, https:\/\/klausniedermeier.de\/wp-content\/uploads\/2025\/10\/WhatsApp-Image-2025-10-28-at-11.16.273-1536x1536.jpeg 1536w, https:\/\/klausniedermeier.de\/wp-content\/uploads\/2025\/10\/WhatsApp-Image-2025-10-28-at-11.16.273.jpeg 1600w\" sizes=\"auto, (max-width: 1024px) 100vw, 1024px\" \/><\/figure>\n\n\n\n<figure class=\"wp-block-image size-large\"><img loading=\"lazy\" decoding=\"async\" width=\"1024\" height=\"1024\" data-id=\"950\" src=\"https:\/\/klausniedermeier.de\/wp-content\/uploads\/2025\/10\/WhatsApp-Image-2025-10-28-at-11.16.274-1024x1024.jpeg\" alt=\"\" class=\"wp-image-950\" srcset=\"https:\/\/klausniedermeier.de\/wp-content\/uploads\/2025\/10\/WhatsApp-Image-2025-10-28-at-11.16.274-1024x1024.jpeg 1024w, https:\/\/klausniedermeier.de\/wp-content\/uploads\/2025\/10\/WhatsApp-Image-2025-10-28-at-11.16.274-300x300.jpeg 300w, https:\/\/klausniedermeier.de\/wp-content\/uploads\/2025\/10\/WhatsApp-Image-2025-10-28-at-11.16.274-150x150.jpeg 150w, https:\/\/klausniedermeier.de\/wp-content\/uploads\/2025\/10\/WhatsApp-Image-2025-10-28-at-11.16.274-768x768.jpeg 768w, https:\/\/klausniedermeier.de\/wp-content\/uploads\/2025\/10\/WhatsApp-Image-2025-10-28-at-11.16.274-1536x1536.jpeg 1536w, https:\/\/klausniedermeier.de\/wp-content\/uploads\/2025\/10\/WhatsApp-Image-2025-10-28-at-11.16.274.jpeg 1600w\" sizes=\"auto, (max-width: 1024px) 100vw, 1024px\" \/><\/figure>\n\n\n\n<figure class=\"wp-block-image size-large\"><img loading=\"lazy\" decoding=\"async\" width=\"1024\" height=\"1024\" data-id=\"951\" src=\"https:\/\/klausniedermeier.de\/wp-content\/uploads\/2025\/10\/WhatsApp-Image-2025-10-28-at-11.16.275-1024x1024.jpeg\" alt=\"\" class=\"wp-image-951\" srcset=\"https:\/\/klausniedermeier.de\/wp-content\/uploads\/2025\/10\/WhatsApp-Image-2025-10-28-at-11.16.275-1024x1024.jpeg 1024w, https:\/\/klausniedermeier.de\/wp-content\/uploads\/2025\/10\/WhatsApp-Image-2025-10-28-at-11.16.275-300x300.jpeg 300w, https:\/\/klausniedermeier.de\/wp-content\/uploads\/2025\/10\/WhatsApp-Image-2025-10-28-at-11.16.275-150x150.jpeg 150w, https:\/\/klausniedermeier.de\/wp-content\/uploads\/2025\/10\/WhatsApp-Image-2025-10-28-at-11.16.275-768x768.jpeg 768w, https:\/\/klausniedermeier.de\/wp-content\/uploads\/2025\/10\/WhatsApp-Image-2025-10-28-at-11.16.275-1536x1536.jpeg 1536w, https:\/\/klausniedermeier.de\/wp-content\/uploads\/2025\/10\/WhatsApp-Image-2025-10-28-at-11.16.275.jpeg 1600w\" sizes=\"auto, (max-width: 1024px) 100vw, 1024px\" \/><\/figure>\n\n\n\n<figure class=\"wp-block-image size-large\"><img loading=\"lazy\" decoding=\"async\" width=\"1024\" height=\"1024\" data-id=\"948\" src=\"https:\/\/klausniedermeier.de\/wp-content\/uploads\/2025\/10\/WhatsApp-Image-2025-10-28-at-11.16.27-1024x1024.jpeg\" alt=\"\" class=\"wp-image-948\" srcset=\"https:\/\/klausniedermeier.de\/wp-content\/uploads\/2025\/10\/WhatsApp-Image-2025-10-28-at-11.16.27-1024x1024.jpeg 1024w, https:\/\/klausniedermeier.de\/wp-content\/uploads\/2025\/10\/WhatsApp-Image-2025-10-28-at-11.16.27-300x300.jpeg 300w, https:\/\/klausniedermeier.de\/wp-content\/uploads\/2025\/10\/WhatsApp-Image-2025-10-28-at-11.16.27-150x150.jpeg 150w, https:\/\/klausniedermeier.de\/wp-content\/uploads\/2025\/10\/WhatsApp-Image-2025-10-28-at-11.16.27-768x768.jpeg 768w, https:\/\/klausniedermeier.de\/wp-content\/uploads\/2025\/10\/WhatsApp-Image-2025-10-28-at-11.16.27-1536x1536.jpeg 1536w, https:\/\/klausniedermeier.de\/wp-content\/uploads\/2025\/10\/WhatsApp-Image-2025-10-28-at-11.16.27.jpeg 1600w\" sizes=\"auto, (max-width: 1024px) 100vw, 1024px\" \/><\/figure>\n<\/figure>\n\n\n\n<p><\/p>\n\n\n\n<p class=\"has-text-align-center\"><em>Die Sohle der Schuhe ist braun.<br>Als weitere Farbe kannst du zwischen folgenden w\u00e4hlen:<\/em><\/p>\n\n\n\n<div class=\"wp-block-group\"><div class=\"wp-block-group__inner-container is-layout-constrained wp-block-group-is-layout-constrained\">\n<figure class=\"wp-block-gallery has-nested-images columns-default is-cropped wp-block-gallery-2 is-layout-flex wp-block-gallery-is-layout-flex\">\n<figure class=\"wp-block-image size-large\"><img loading=\"lazy\" decoding=\"async\" width=\"200\" height=\"200\" data-id=\"831\" src=\"https:\/\/klausniedermeier.de\/wp-content\/uploads\/2024\/01\/olive.jpg\" alt=\"\" class=\"wp-image-831\" srcset=\"https:\/\/klausniedermeier.de\/wp-content\/uploads\/2024\/01\/olive.jpg 200w, https:\/\/klausniedermeier.de\/wp-content\/uploads\/2024\/01\/olive-150x150.jpg 150w\" sizes=\"auto, (max-width: 200px) 100vw, 200px\" \/><figcaption class=\"wp-element-caption\">gr\u00fcn<\/figcaption><\/figure>\n\n\n\n<figure class=\"wp-block-image size-large\"><img loading=\"lazy\" decoding=\"async\" width=\"200\" height=\"200\" data-id=\"832\" src=\"https:\/\/klausniedermeier.de\/wp-content\/uploads\/2024\/01\/rot.jpg\" alt=\"\" class=\"wp-image-832\" srcset=\"https:\/\/klausniedermeier.de\/wp-content\/uploads\/2024\/01\/rot.jpg 200w, https:\/\/klausniedermeier.de\/wp-content\/uploads\/2024\/01\/rot-150x150.jpg 150w\" sizes=\"auto, (max-width: 200px) 100vw, 200px\" \/><figcaption class=\"wp-element-caption\">rot<\/figcaption><\/figure>\n\n\n\n<figure class=\"wp-block-image size-large\"><img loading=\"lazy\" decoding=\"async\" width=\"200\" height=\"200\" data-id=\"833\" src=\"https:\/\/klausniedermeier.de\/wp-content\/uploads\/2024\/01\/pfirsich.jpg\" alt=\"\" class=\"wp-image-833\" srcset=\"https:\/\/klausniedermeier.de\/wp-content\/uploads\/2024\/01\/pfirsich.jpg 200w, https:\/\/klausniedermeier.de\/wp-content\/uploads\/2024\/01\/pfirsich-150x150.jpg 150w\" sizes=\"auto, (max-width: 200px) 100vw, 200px\" \/><figcaption class=\"wp-element-caption\">orange<\/figcaption><\/figure>\n\n\n\n<figure class=\"wp-block-image size-large\"><img loading=\"lazy\" decoding=\"async\" width=\"200\" height=\"200\" data-id=\"834\" src=\"https:\/\/klausniedermeier.de\/wp-content\/uploads\/2024\/01\/tobagoblau.jpg\" alt=\"\" class=\"wp-image-834\" srcset=\"https:\/\/klausniedermeier.de\/wp-content\/uploads\/2024\/01\/tobagoblau.jpg 200w, https:\/\/klausniedermeier.de\/wp-content\/uploads\/2024\/01\/tobagoblau-150x150.jpg 150w\" sizes=\"auto, (max-width: 200px) 100vw, 200px\" \/><figcaption class=\"wp-element-caption\">blau<\/figcaption><\/figure>\n\n\n\n<figure class=\"wp-block-image size-large\"><img loading=\"lazy\" decoding=\"async\" width=\"200\" height=\"200\" data-id=\"830\" src=\"https:\/\/klausniedermeier.de\/wp-content\/uploads\/2024\/01\/waikiki.jpg\" alt=\"\" class=\"wp-image-830\" srcset=\"https:\/\/klausniedermeier.de\/wp-content\/uploads\/2024\/01\/waikiki.jpg 200w, https:\/\/klausniedermeier.de\/wp-content\/uploads\/2024\/01\/waikiki-150x150.jpg 150w\" sizes=\"auto, (max-width: 200px) 100vw, 200px\" \/><figcaption class=\"wp-element-caption\">t\u00fcrkis<\/figcaption><\/figure>\n\n\n\n<figure class=\"wp-block-image size-large\"><img loading=\"lazy\" decoding=\"async\" width=\"200\" height=\"200\" data-id=\"829\" src=\"https:\/\/klausniedermeier.de\/wp-content\/uploads\/2024\/01\/calvados.jpg\" alt=\"\" class=\"wp-image-829\" srcset=\"https:\/\/klausniedermeier.de\/wp-content\/uploads\/2024\/01\/calvados.jpg 200w, https:\/\/klausniedermeier.de\/wp-content\/uploads\/2024\/01\/calvados-150x150.jpg 150w\" sizes=\"auto, (max-width: 200px) 100vw, 200px\" \/><figcaption class=\"wp-element-caption\">braun<\/figcaption><\/figure>\n<\/figure>\n<\/div><\/div>\n\n\n\n<p><\/p>\n\n\n\n<p class=\"has-text-align-center\">*Der Bausatz enth\u00e4lt alle Materialien (inkl. Nadel und Schuhb\u00e4nder), damit du gleich mit dem N\u00e4hen beginnen kannst.<br><em><br>Preis: 74,90\u20ac zzgl. Versandkosten<\/em><\/p>\n\n\n\n<p class=\"has-text-align-center\">Bestellungen werden gerne telefonisch (09961\/90033) oder per E-Mail (klaus.niedermeier@t-online.de) entgegengenommen.<br><\/p>\n","protected":false},"excerpt":{"rendered":"<p>Do-It-Yourself-Hausschuh aus dem Bay. Wald Mach dir deinen eigenen Hausschuhganz bequem zuhausealleine oder mit Familie und Freunden Die Sohle der Schuhe ist braun.Als weitere Farbe kannst du zwischen folgenden w\u00e4hlen: *Der Bausatz enth\u00e4lt alle Materialien (inkl. Nadel und Schuhb\u00e4nder), damit du gleich mit dem N\u00e4hen beginnen kannst.Preis: 74,90\u20ac zzgl. Versandkosten [&hellip;]<\/p>\n","protected":false},"author":2,"featured_media":0,"parent":0,"menu_order":0,"comment_status":"closed","ping_status":"closed","template":"","meta":{"footnotes":""},"class_list":["post-911","page","type-page","status-publish","hentry"],"_links":{"self":[{"href":"https:\/\/klausniedermeier.de\/index.php?rest_route=\/wp\/v2\/pages\/911","targetHints":{"allow":["GET"]}}],"collection":[{"href":"https:\/\/klausniedermeier.de\/index.php?rest_route=\/wp\/v2\/pages"}],"about":[{"href":"https:\/\/klausniedermeier.de\/index.php?rest_route=\/wp\/v2\/types\/page"}],"author":[{"embeddable":true,"href":"https:\/\/klausniedermeier.de\/index.php?rest_route=\/wp\/v2\/users\/2"}],"replies":[{"embeddable":true,"href":"https:\/\/klausniedermeier.de\/index.php?rest_route=%2Fwp%2Fv2%2Fcomments&post=911"}],"version-history":[{"count":40,"href":"https:\/\/klausniedermeier.de\/index.php?rest_route=\/wp\/v2\/pages\/911\/revisions"}],"predecessor-version":[{"id":983,"href":"https:\/\/klausniedermeier.de\/index.php?rest_route=\/wp\/v2\/pages\/911\/revisions\/983"}],"wp:attachment":[{"href":"https:\/\/klausniedermeier.de\/index.php?rest_route=%2Fwp%2Fv2%2Fmedia&parent=911"}],"curies":[{"name":"wp","href":"https:\/\/api.w.org\/{rel}","templated":true}]}}